{"id":4400,"date":"2021-10-12T15:51:09","date_gmt":"2021-10-12T15:51:09","guid":{"rendered":"http:\/\/dummy.xtemos.com\/woodmart2\/elementor\/?page_id=4400"},"modified":"2025-08-12T15:55:29","modified_gmt":"2025-08-12T12:55:29","slug":"about-us-3","status":"publish","type":"page","link":"https:\/\/bursadefnemetal.com\/index.php\/about-us-3\/","title":{"rendered":"About us"},"content":{"rendered":"\t\t<div data-elementor-type=\"wp-page\" data-elementor-id=\"4400\" class=\"elementor elementor-4400\">\n\t\t\t\t<div class=\"wd-negative-gap elementor-element elementor-element-3b530a5 e-flex e-con-boxed e-con e-parent\" data-id=\"3b530a5\" data-element_type=\"container\">\n\t\t\t\t\t<div class=\"e-con-inner\">\n\t\t\t\t<div class=\"elementor-element elementor-element-6c4275d wd-width-100 elementor-widget elementor-widget-wd_title\" data-id=\"6c4275d\" data-element_type=\"widget\" data-widget_type=\"wd_title.default\">\n\t\t\t\t<div class=\"elementor-widget-container\">\n\t\t\t\t\t\t\t<div class=\"title-wrapper wd-set-mb reset-last-child wd-title-color-primary wd-title-style-default wd-title-size-large text-left\">\n\n\t\t\t\t\t\t\t\t\t\t\t<div class=\"title-subtitle subtitle-color-primary subtitle-style-default wd-fontsize-xs\">\n\t\t\t\t\tBursa Defne Metal\t\t\t\t<\/div>\n\t\t\t\n\t\t\t<div class=\"liner-continer\">\n\t\t\t\t<h4 class=\"woodmart-title-container title wd-fontsize-xxl\">Hakk\u0131m\u0131zda<\/h4> \n\t\t\t\t\t\t\t<\/div>\n\n\t\t\t\t\t<\/div>\n\t\t\t\t\t\t<\/div>\n\t\t\t\t<\/div>\n\t\t\t\t<div class=\"elementor-element elementor-element-c64136e elementor-widget elementor-widget-wd_text_block\" data-id=\"c64136e\" data-element_type=\"widget\" data-widget_type=\"wd_text_block.default\">\n\t\t\t\t<div class=\"elementor-widget-container\">\n\t\t\t\t\t\t\t<div class=\"wd-text-block reset-last-child text-left\">\n\t\t\t\n\t\t\t<p data-start=\"176\" data-end=\"530\"><strong data-start=\"176\" data-end=\"197\">Bursa Defne Metal<\/strong>, k\u00f6kl\u00fc ge\u00e7mi\u015fi, g\u00fc\u00e7l\u00fc tedarik a\u011f\u0131 ve m\u00fc\u015fteri odakl\u0131 hizmet anlay\u0131\u015f\u0131 ile metal sekt\u00f6r\u00fcnde g\u00fcvenilir bir marka haline gelmi\u015ftir. Uzun y\u0131llara dayanan deneyimimizle, <strong data-start=\"361\" data-end=\"435\">NPU, kutu profil, boru profil, trapez sac, sandvi\u00e7 panel, \u015feffaf panel<\/strong> ve bir\u00e7ok farkl\u0131 metal \u00fcr\u00fcn grubunda, y\u00fcksek kalite standartlar\u0131na uygun \u00e7\u00f6z\u00fcmler sunuyoruz.<\/p><p data-start=\"532\" data-end=\"887\">Firmam\u0131z, <strong data-start=\"542\" data-end=\"558\">toptan sat\u0131\u015f<\/strong> ve <strong data-start=\"562\" data-end=\"585\">proje bazl\u0131 tedarik<\/strong> konular\u0131nda uzmanla\u015fm\u0131\u015f olup, in\u015faat, sanayi, end\u00fcstri ve \u00f6zel projelere y\u00f6nelik geni\u015f bir hizmet kapasitesine sahiptir. Modern stok y\u00f6netimimiz, h\u0131zl\u0131 sevkiyat imkanlar\u0131m\u0131z ve teknik bilgiye sahip profesyonel ekibimizle, m\u00fc\u015fterilerimize zaman\u0131nda, eksiksiz ve rekabet\u00e7i fiyatlarla hizmet veriyoruz.<\/p><p data-start=\"889\" data-end=\"1197\">Misyonumuz, i\u015f ortaklar\u0131m\u0131z\u0131n projelerine de\u011fer katacak kaliteli \u00fcr\u00fcnleri, g\u00fcvenilir hizmet anlay\u0131\u015f\u0131 ile bulu\u015fturmakt\u0131r. Vizyonumuz ise sekt\u00f6rdeki yenilikleri yak\u0131ndan takip ederek, <strong data-start=\"1071\" data-end=\"1092\">Bursa Defne Metal<\/strong>\u2019i hem ulusal hem de uluslararas\u0131 pazarda tercih edilen lider tedarik\u00e7ilerden biri konumuna ta\u015f\u0131makt\u0131r.<\/p>\n\t\t\t\t\t<\/div>\n\t\t\t\t\t\t<\/div>\n\t\t\t\t<\/div>\n\t\t<div class=\"elementor-element elementor-element-3eef7d8 e-con-full e-flex e-con e-child\" data-id=\"3eef7d8\" data-element_type=\"container\">\n\t\t\t\t<div class=\"elementor-element elementor-element-cee0b0c elementor-widget__width-auto elementor-widget elementor-widget-wd_text_block\" data-id=\"cee0b0c\" data-element_type=\"widget\" data-widget_type=\"wd_text_block.default\">\n\t\t\t\t<div class=\"elementor-widget-container\">\n\t\t\t\t\t\t\t<div class=\"wd-text-block reset-last-child text-left\">\n\t\t\t\n\t\t\t<a href=\"https:\/\/bursadefnemetal.com\/\"><strong><em>Bursa Defne Metal <span style=\"color: #cd1d1d;\"><\/span>@ 2000<\/em><\/strong><\/a>\n\t\t\t\t\t<\/div>\n\t\t\t\t\t\t<\/div>\n\t\t\t\t<\/div>\n\t\t\t\t<div class=\"elementor-element elementor-element-ee232e9 elementor-widget__width-auto elementor-hidden-phone elementor-widget elementor-widget-wd_social_buttons\" data-id=\"ee232e9\" data-element_type=\"widget\" data-widget_type=\"wd_social_buttons.default\">\n\t\t\t\t<div class=\"elementor-widget-container\">\n\t\t\t\t\t\t\t\t<div\n\t\t\t\t\t\tclass=\" wd-social-icons wd-style-colored-alt wd-size-small social-share wd-shape-circle color-scheme-dark text-left\">\n\t\t\t\t\n\t\t\t\t\n\t\t\t\t\t\t\t\t\t<a rel=\"noopener noreferrer nofollow\" href=\"https:\/\/www.facebook.com\/sharer\/sharer.php?u=https:\/\/bursadefnemetal.com\/index.php\/about-us-3\/\" target=\"_blank\" class=\" wd-social-icon social-facebook\" aria-label=\"Facebook social link\">\n\t\t\t\t\t\t<span class=\"wd-icon\"><\/span>\n\t\t\t\t\t\t\t\t\t\t\t<\/a>\n\t\t\t\t\n\t\t\t\t\t\t\t\t\t<a rel=\"noopener noreferrer nofollow\" href=\"https:\/\/x.com\/share?url=https:\/\/bursadefnemetal.com\/index.php\/about-us-3\/\" target=\"_blank\" class=\" wd-social-icon social-twitter\" aria-label=\"X social link\">\n\t\t\t\t\t\t<span class=\"wd-icon\"><\/span>\n\t\t\t\t\t\t\t\t\t\t\t<\/a>\n\t\t\t\t\n\t\t\t\t\n\t\t\t\t\n\t\t\t\t\n\t\t\t\t\n\t\t\t\t\n\t\t\t\t\t\t\t\t\t<a rel=\"noopener noreferrer nofollow\" href=\"https:\/\/pinterest.com\/pin\/create\/button\/?url=https:\/\/bursadefnemetal.com\/index.php\/about-us-3\/&media=https:\/\/bursadefnemetal.com\/wp-includes\/images\/media\/default.svg&description=About+us\" target=\"_blank\" class=\" wd-social-icon social-pinterest\" aria-label=\"Pinterest social link\">\n\t\t\t\t\t\t<span class=\"wd-icon\"><\/span>\n\t\t\t\t\t\t\t\t\t\t\t<\/a>\n\t\t\t\t\n\t\t\t\t\n\t\t\t\t\t\t\t\t\t<a rel=\"noopener noreferrer nofollow\" href=\"https:\/\/www.linkedin.com\/shareArticle?mini=true&url=https:\/\/bursadefnemetal.com\/index.php\/about-us-3\/\" target=\"_blank\" class=\" wd-social-icon social-linkedin\" aria-label=\"Linkedin social link\">\n\t\t\t\t\t\t<span class=\"wd-icon\"><\/span>\n\t\t\t\t\t\t\t\t\t\t\t<\/a>\n\t\t\t\t\n\t\t\t\t\n\t\t\t\t\n\t\t\t\t\n\t\t\t\t\n\t\t\t\t\n\t\t\t\t\n\t\t\t\t\n\t\t\t\t\n\t\t\t\t\n\t\t\t\t\n\t\t\t\t\n\t\t\t\t\n\t\t\t\t\n\t\t\t\t\n\t\t\t\t\t\t\t\t\t<a rel=\"noopener noreferrer nofollow\" href=\"https:\/\/telegram.me\/share\/url?url=https:\/\/bursadefnemetal.com\/index.php\/about-us-3\/\" target=\"_blank\" class=\" wd-social-icon social-tg\" aria-label=\"Telegram social link\">\n\t\t\t\t\t\t<span class=\"wd-icon\"><\/span>\n\t\t\t\t\t\t\t\t\t\t\t<\/a>\n\t\t\t\t\n\t\t\t\t\n\t\t\t<\/div>\n\n\t\t\t\t\t\t<\/div>\n\t\t\t\t<\/div>\n\t\t\t\t<\/div>\n\t\t\t\t\t<\/div>\n\t\t\t\t<\/div>\n\t\t\t\t<\/div>\n\t\t","protected":false},"excerpt":{"rendered":"<p>Bursa Defne Metal Hakk\u0131m\u0131zda Bursa Defne Metal, k\u00f6kl\u00fc ge\u00e7mi\u015fi, g\u00fc\u00e7l\u00fc tedarik a\u011f\u0131 ve m\u00fc\u015fteri odakl\u0131 hizmet anlay\u0131\u015f\u0131 ile metal sekt\u00f6r\u00fcnde<\/p>\n","protected":false},"author":1,"featured_media":0,"parent":0,"menu_order":0,"comment_status":"closed","ping_status":"closed","template":"","meta":{"footnotes":""},"class_list":["post-4400","page","type-page","status-publish","hentry"],"yoast_head":"<!-- This site is optimized with the Yoast SEO plugin v25.7 - https:\/\/yoast.com\/wordpress\/plugins\/seo\/ -->\n<title>About us - Bursa Defne Metal<\/title>\n<meta name=\"robots\" content=\"index, follow, max-snippet:-1, max-image-preview:large, max-video-preview:-1\" \/>\n<link rel=\"canonical\" href=\"https:\/\/bursadefnemetal.com\/index.php\/about-us-3\/\" \/>\n<meta property=\"og:locale\" content=\"tr_TR\" \/>\n<meta property=\"og:type\" content=\"article\" \/>\n<meta property=\"og:title\" content=\"About us - Bursa Defne Metal\" \/>\n<meta property=\"og:description\" content=\"Bursa Defne Metal Hakk\u0131m\u0131zda Bursa Defne Metal, k\u00f6kl\u00fc ge\u00e7mi\u015fi, g\u00fc\u00e7l\u00fc tedarik a\u011f\u0131 ve m\u00fc\u015fteri odakl\u0131 hizmet anlay\u0131\u015f\u0131 ile metal sekt\u00f6r\u00fcnde\" \/>\n<meta property=\"og:url\" content=\"https:\/\/bursadefnemetal.com\/index.php\/about-us-3\/\" \/>\n<meta property=\"og:site_name\" content=\"Bursa Defne Metal\" \/>\n<meta property=\"article:modified_time\" content=\"2025-08-12T12:55:29+00:00\" \/>\n<meta name=\"twitter:card\" content=\"summary_large_image\" \/>\n<meta name=\"twitter:label1\" content=\"Tahmini okuma s\u00fcresi\" \/>\n\t<meta name=\"twitter:data1\" content=\"1 dakika\" \/>\n<script type=\"application\/ld+json\" class=\"yoast-schema-graph\">{\"@context\":\"https:\/\/schema.org\",\"@graph\":[{\"@type\":\"WebPage\",\"@id\":\"https:\/\/bursadefnemetal.com\/index.php\/about-us-3\/\",\"url\":\"https:\/\/bursadefnemetal.com\/index.php\/about-us-3\/\",\"name\":\"About us - Bursa Defne Metal\",\"isPartOf\":{\"@id\":\"https:\/\/bursadefnemetal.com\/#website\"},\"datePublished\":\"2021-10-12T15:51:09+00:00\",\"dateModified\":\"2025-08-12T12:55:29+00:00\",\"breadcrumb\":{\"@id\":\"https:\/\/bursadefnemetal.com\/index.php\/about-us-3\/#breadcrumb\"},\"inLanguage\":\"tr\",\"potentialAction\":[{\"@type\":\"ReadAction\",\"target\":[\"https:\/\/bursadefnemetal.com\/index.php\/about-us-3\/\"]}]},{\"@type\":\"BreadcrumbList\",\"@id\":\"https:\/\/bursadefnemetal.com\/index.php\/about-us-3\/#breadcrumb\",\"itemListElement\":[{\"@type\":\"ListItem\",\"position\":1,\"name\":\"Anasayfa\",\"item\":\"https:\/\/bursadefnemetal.com\/\"},{\"@type\":\"ListItem\",\"position\":2,\"name\":\"About us\"}]},{\"@type\":\"WebSite\",\"@id\":\"https:\/\/bursadefnemetal.com\/#website\",\"url\":\"https:\/\/bursadefnemetal.com\/\",\"name\":\"Bursa Defne Metal\",\"description\":\"\",\"potentialAction\":[{\"@type\":\"SearchAction\",\"target\":{\"@type\":\"EntryPoint\",\"urlTemplate\":\"https:\/\/bursadefnemetal.com\/?s={search_term_string}\"},\"query-input\":{\"@type\":\"PropertyValueSpecification\",\"valueRequired\":true,\"valueName\":\"search_term_string\"}}],\"inLanguage\":\"tr\"}]}<\/script>\n<!-- \/ Yoast SEO plugin. -->","yoast_head_json":{"title":"About us - Bursa Defne Metal","robots":{"index":"index","follow":"follow","max-snippet":"max-snippet:-1","max-image-preview":"max-image-preview:large","max-video-preview":"max-video-preview:-1"},"canonical":"https:\/\/bursadefnemetal.com\/index.php\/about-us-3\/","og_locale":"tr_TR","og_type":"article","og_title":"About us - Bursa Defne Metal","og_description":"Bursa Defne Metal Hakk\u0131m\u0131zda Bursa Defne Metal, k\u00f6kl\u00fc ge\u00e7mi\u015fi, g\u00fc\u00e7l\u00fc tedarik a\u011f\u0131 ve m\u00fc\u015fteri odakl\u0131 hizmet anlay\u0131\u015f\u0131 ile metal sekt\u00f6r\u00fcnde","og_url":"https:\/\/bursadefnemetal.com\/index.php\/about-us-3\/","og_site_name":"Bursa Defne Metal","article_modified_time":"2025-08-12T12:55:29+00:00","twitter_card":"summary_large_image","twitter_misc":{"Tahmini okuma s\u00fcresi":"1 dakika"},"schema":{"@context":"https:\/\/schema.org","@graph":[{"@type":"WebPage","@id":"https:\/\/bursadefnemetal.com\/index.php\/about-us-3\/","url":"https:\/\/bursadefnemetal.com\/index.php\/about-us-3\/","name":"About us - Bursa Defne Metal","isPartOf":{"@id":"https:\/\/bursadefnemetal.com\/#website"},"datePublished":"2021-10-12T15:51:09+00:00","dateModified":"2025-08-12T12:55:29+00:00","breadcrumb":{"@id":"https:\/\/bursadefnemetal.com\/index.php\/about-us-3\/#breadcrumb"},"inLanguage":"tr","potentialAction":[{"@type":"ReadAction","target":["https:\/\/bursadefnemetal.com\/index.php\/about-us-3\/"]}]},{"@type":"BreadcrumbList","@id":"https:\/\/bursadefnemetal.com\/index.php\/about-us-3\/#breadcrumb","itemListElement":[{"@type":"ListItem","position":1,"name":"Anasayfa","item":"https:\/\/bursadefnemetal.com\/"},{"@type":"ListItem","position":2,"name":"About us"}]},{"@type":"WebSite","@id":"https:\/\/bursadefnemetal.com\/#website","url":"https:\/\/bursadefnemetal.com\/","name":"Bursa Defne Metal","description":"","potentialAction":[{"@type":"SearchAction","target":{"@type":"EntryPoint","urlTemplate":"https:\/\/bursadefnemetal.com\/?s={search_term_string}"},"query-input":{"@type":"PropertyValueSpecification","valueRequired":true,"valueName":"search_term_string"}}],"inLanguage":"tr"}]}},"_links":{"self":[{"href":"https:\/\/bursadefnemetal.com\/index.php\/wp-json\/wp\/v2\/pages\/4400","targetHints":{"allow":["GET"]}}],"collection":[{"href":"https:\/\/bursadefnemetal.com\/index.php\/wp-json\/wp\/v2\/pages"}],"about":[{"href":"https:\/\/bursadefnemetal.com\/index.php\/wp-json\/wp\/v2\/types\/page"}],"author":[{"embeddable":true,"href":"https:\/\/bursadefnemetal.com\/index.php\/wp-json\/wp\/v2\/users\/1"}],"replies":[{"embeddable":true,"href":"https:\/\/bursadefnemetal.com\/index.php\/wp-json\/wp\/v2\/comments?post=4400"}],"version-history":[{"count":3,"href":"https:\/\/bursadefnemetal.com\/index.php\/wp-json\/wp\/v2\/pages\/4400\/revisions"}],"predecessor-version":[{"id":29536,"href":"https:\/\/bursadefnemetal.com\/index.php\/wp-json\/wp\/v2\/pages\/4400\/revisions\/29536"}],"wp:attachment":[{"href":"https:\/\/bursadefnemetal.com\/index.php\/wp-json\/wp\/v2\/media?parent=4400"}],"curies":[{"name":"wp","href":"https:\/\/api.w.org\/{rel}","templated":true}]}}