{"id":29362,"date":"2025-08-05T16:19:20","date_gmt":"2025-08-05T13:19:20","guid":{"rendered":"https:\/\/bursadefnemetal.com\/?post_type=product&#038;p=29362"},"modified":"2025-08-05T16:25:47","modified_gmt":"2025-08-05T13:25:47","slug":"radius-mahya-3-hadve","status":"publish","type":"product","link":"https:\/\/bursadefnemetal.com\/index.php\/urun\/radius-mahya-3-hadve\/","title":{"rendered":"Radius Mahya &#8211; 3 Hadve"},"content":{"rendered":"\t\t<div data-elementor-type=\"wp-post\" data-elementor-id=\"29362\" class=\"elementor elementor-29362\">\n\t\t\t\t<div class=\"wd-negative-gap elementor-element elementor-element-997cfae e-flex e-con-boxed e-con e-parent\" data-id=\"997cfae\" data-element_type=\"container\">\n\t\t\t\t\t<div class=\"e-con-inner\">\n\t\t<div class=\"elementor-element elementor-element-67d4c92 e-con-full e-flex e-con e-child\" data-id=\"67d4c92\" data-element_type=\"container\">\n\t\t\t\t<div class=\"elementor-element elementor-element-ebb40a2 elementor-widget elementor-widget-wd_text_block\" data-id=\"ebb40a2\" data-element_type=\"widget\" data-widget_type=\"wd_text_block.default\">\n\t\t\t\t<div class=\"elementor-widget-container\">\n\t\t\t\t\t\t\t<div class=\"wd-text-block reset-last-child text-left\">\n\t\t\t\n\t\t\t<h3 data-start=\"232\" data-end=\"259\"><strong data-start=\"239\" data-end=\"259\">Genel \u00d6zellikler<\/strong><\/h3><ul><li data-start=\"324\" data-end=\"401\"><p data-start=\"326\" data-end=\"401\">\u00c7at\u0131 e\u011fimlerinde iki panelin birle\u015fim noktas\u0131n\u0131 kapatmak i\u00e7in kullan\u0131l\u0131r.<\/p><\/li><li data-start=\"402\" data-end=\"474\"><p data-start=\"404\" data-end=\"474\">Su s\u0131zd\u0131rmazl\u0131k ve hava ge\u00e7irmezlik sa\u011flar; \u00e7at\u0131 sistemini tamamlar.<\/p><\/li><li data-start=\"475\" data-end=\"542\"><p data-start=\"477\" data-end=\"542\">Farkl\u0131 e\u011fim a\u00e7\u0131lar\u0131na uygun, esnek tasar\u0131m se\u00e7enekleri bulunur.<\/p><\/li><li data-start=\"543\" data-end=\"596\"><p data-start=\"545\" data-end=\"596\">Estetik g\u00f6r\u00fcn\u00fcm sunar, \u00e7at\u0131n\u0131n b\u00fct\u00fcnl\u00fc\u011f\u00fcn\u00fc korur.<\/p><\/li><li data-start=\"597\" data-end=\"655\"><p data-start=\"599\" data-end=\"655\">RAL renk se\u00e7enekleri ile \u00e7at\u0131 paneliyle tam uyum sa\u011flar<\/p><\/li><\/ul>\n\t\t\t\t\t<\/div>\n\t\t\t\t\t\t<\/div>\n\t\t\t\t<\/div>\n\t\t\t\t<\/div>\n\t\t<div class=\"elementor-element elementor-element-3fed916 e-con-full e-flex e-con e-child\" data-id=\"3fed916\" data-element_type=\"container\">\n\t\t\t\t<div class=\"elementor-element elementor-element-d6c6ca0 color-scheme-inherit text-left elementor-widget elementor-widget-text-editor\" data-id=\"d6c6ca0\" data-element_type=\"widget\" data-widget_type=\"text-editor.default\">\n\t\t\t\t\t\t\t\t\t<h3 data-start=\"1141\" data-end=\"1169\"><strong data-start=\"1148\" data-end=\"1169\">Kullan\u0131m Alanlar\u0131<\/strong><\/h3><ul><li data-start=\"692\" data-end=\"761\"><p data-start=\"694\" data-end=\"761\">Sandvi\u00e7 panel kapl\u0131 \u00e7at\u0131 sistemlerinde mahya birle\u015fim yerlerinde.<\/p><\/li><li data-start=\"762\" data-end=\"814\"><p data-start=\"764\" data-end=\"814\">Trapez sa\u00e7 kaplama yap\u0131lan \u00e7at\u0131 uygulamalar\u0131nda.<\/p><\/li><li data-start=\"815\" data-end=\"854\"><p data-start=\"817\" data-end=\"854\">End\u00fcstriyel tesis \u00e7at\u0131 kaplamalar\u0131.<\/p><\/li><li data-start=\"855\" data-end=\"892\"><p data-start=\"857\" data-end=\"892\">Tar\u0131m ve hayvanc\u0131l\u0131k yap\u0131lar\u0131nda.<\/p><\/li><li data-start=\"893\" data-end=\"945\"><p data-start=\"895\" data-end=\"945\">Konut, hangar, depo ve fabrika \u00e7at\u0131 sistemlerinde.<\/p><\/li><\/ul>\t\t\t\t\t\t\t\t<\/div>\n\t\t\t\t<\/div>\n\t\t<div class=\"elementor-element elementor-element-6ef8290 e-con-full e-flex e-con e-child\" data-id=\"6ef8290\" data-element_type=\"container\">\n\t\t\t\t<div class=\"elementor-element elementor-element-b39b441 elementor-widget elementor-widget-wd_text_block\" data-id=\"b39b441\" data-element_type=\"widget\" data-widget_type=\"wd_text_block.default\">\n\t\t\t\t<div class=\"elementor-widget-container\">\n\t\t\t\t\t\t\t<div class=\"wd-text-block reset-last-child text-left\">\n\t\t\t\n\t\t\t<h3 data-start=\"682\" data-end=\"710\"><strong data-start=\"689\" data-end=\"710\">Teknik \u00d6zellikler<\/strong><\/h3><ul><li data-start=\"982\" data-end=\"1040\"><p data-start=\"984\" data-end=\"1040\"><strong data-start=\"984\" data-end=\"996\">Malzeme:<\/strong> Galvanizli sac, Al\u00fcminyum veya Boyal\u0131 sac<\/p><\/li><li data-start=\"1041\" data-end=\"1110\"><p data-start=\"1043\" data-end=\"1110\"><strong data-start=\"1043\" data-end=\"1056\">Kal\u0131nl\u0131k:<\/strong> 0.50 mm \u2013 1.00 mm aras\u0131nda de\u011fi\u015fen sac kal\u0131nl\u0131klar\u0131<\/p><\/li><li data-start=\"1111\" data-end=\"1177\"><p data-start=\"1113\" data-end=\"1177\"><strong data-start=\"1113\" data-end=\"1126\">Geni\u015flik:<\/strong> Proje bazl\u0131 olarak farkl\u0131 \u00f6l\u00e7\u00fclerde \u00fcretilebilir<\/p><\/li><li data-start=\"1178\" data-end=\"1232\"><p data-start=\"1180\" data-end=\"1232\"><strong data-start=\"1180\" data-end=\"1192\">Kaplama:<\/strong> Polyester, PVDF, Plastisol kaplamalar<\/p><\/li><li data-start=\"1233\" data-end=\"1276\"><p data-start=\"1235\" data-end=\"1276\"><strong data-start=\"1235\" data-end=\"1244\">Renk:<\/strong> T\u00fcm RAL renk kartelas\u0131na uyumlu<\/p><\/li><\/ul>\n\t\t\t\t\t<\/div>\n\t\t\t\t\t\t<\/div>\n\t\t\t\t<\/div>\n\t\t\t\t<\/div>\n\t\t\t\t\t<\/div>\n\t\t\t\t<\/div>\n\t\t\t\t<\/div>\n\t\t","protected":false},"excerpt":{"rendered":"<p style=\"color: red;\">Bu \u00fcr\u00fcn ma\u011fazam\u0131zda sat\u0131lmaktad\u0131r. Fiyat bilgisi i\u00e7in teklif isteyiniz.<\/p>\n","protected":false},"featured_media":29363,"comment_status":"open","ping_status":"closed","template":"","meta":[],"product_brand":[],"product_cat":[92,90],"product_tag":[],"class_list":{"0":"post-29362","1":"product","2":"type-product","3":"status-publish","4":"has-post-thumbnail","6":"product_cat-aksesuarlar","7":"product_cat-cati-aksesuarlari","9":"first","10":"instock","11":"shipping-taxable","12":"product-type-simple"},"yoast_head":"<!-- This site is optimized with the Yoast SEO plugin v25.7 - https:\/\/yoast.com\/wordpress\/plugins\/seo\/ -->\n<title>Radius Mahya - 3 Hadve - Bursa Defne Metal<\/title>\n<meta name=\"description\" content=\"\u00c7at\u0131, cephe aksesuarlar\u0131 t\u00fcm se\u00e7enekleriyle h\u0131zl\u0131 montaj, uzun \u00f6m\u00fcr.\" \/>\n<meta name=\"robots\" content=\"index, follow, max-snippet:-1, max-image-preview:large, max-video-preview:-1\" \/>\n<link rel=\"canonical\" href=\"https:\/\/bursadefnemetal.com\/index.php\/urun\/radius-mahya-3-hadve\/\" \/>\n<meta property=\"og:locale\" content=\"tr_TR\" \/>\n<meta property=\"og:type\" content=\"article\" \/>\n<meta property=\"og:title\" content=\"Radius Mahya - 3 Hadve - Bursa Defne Metal\" \/>\n<meta property=\"og:description\" content=\"\u00c7at\u0131, cephe aksesuarlar\u0131 t\u00fcm se\u00e7enekleriyle h\u0131zl\u0131 montaj, uzun \u00f6m\u00fcr.\" \/>\n<meta property=\"og:url\" content=\"https:\/\/bursadefnemetal.com\/index.php\/urun\/radius-mahya-3-hadve\/\" \/>\n<meta property=\"og:site_name\" content=\"Bursa Defne Metal\" \/>\n<meta property=\"article:modified_time\" content=\"2025-08-05T13:25:47+00:00\" \/>\n<meta property=\"og:image\" content=\"https:\/\/bursadefnemetal.com\/wp-content\/uploads\/2025\/08\/mahya-1.jpg\" \/>\n\t<meta property=\"og:image:width\" content=\"700\" \/>\n\t<meta property=\"og:image:height\" content=\"800\" \/>\n\t<meta property=\"og:image:type\" content=\"image\/jpeg\" \/>\n<meta name=\"twitter:card\" content=\"summary_large_image\" \/>\n<meta name=\"twitter:label1\" content=\"Tahmini okuma s\u00fcresi\" \/>\n\t<meta name=\"twitter:data1\" content=\"1 dakika\" \/>\n<script type=\"application\/ld+json\" class=\"yoast-schema-graph\">{\"@context\":\"https:\/\/schema.org\",\"@graph\":[{\"@type\":\"WebPage\",\"@id\":\"https:\/\/bursadefnemetal.com\/index.php\/urun\/radius-mahya-3-hadve\/\",\"url\":\"https:\/\/bursadefnemetal.com\/index.php\/urun\/radius-mahya-3-hadve\/\",\"name\":\"Radius Mahya - 3 Hadve - Bursa Defne Metal\",\"isPartOf\":{\"@id\":\"https:\/\/bursadefnemetal.com\/#website\"},\"primaryImageOfPage\":{\"@id\":\"https:\/\/bursadefnemetal.com\/index.php\/urun\/radius-mahya-3-hadve\/#primaryimage\"},\"image\":{\"@id\":\"https:\/\/bursadefnemetal.com\/index.php\/urun\/radius-mahya-3-hadve\/#primaryimage\"},\"thumbnailUrl\":\"https:\/\/bursadefnemetal.com\/wp-content\/uploads\/2025\/08\/mahya-1.jpg\",\"datePublished\":\"2025-08-05T13:19:20+00:00\",\"dateModified\":\"2025-08-05T13:25:47+00:00\",\"description\":\"\u00c7at\u0131, cephe aksesuarlar\u0131 t\u00fcm se\u00e7enekleriyle h\u0131zl\u0131 montaj, uzun \u00f6m\u00fcr.\",\"breadcrumb\":{\"@id\":\"https:\/\/bursadefnemetal.com\/index.php\/urun\/radius-mahya-3-hadve\/#breadcrumb\"},\"inLanguage\":\"tr\",\"potentialAction\":[{\"@type\":\"ReadAction\",\"target\":[\"https:\/\/bursadefnemetal.com\/index.php\/urun\/radius-mahya-3-hadve\/\"]}]},{\"@type\":\"ImageObject\",\"inLanguage\":\"tr\",\"@id\":\"https:\/\/bursadefnemetal.com\/index.php\/urun\/radius-mahya-3-hadve\/#primaryimage\",\"url\":\"https:\/\/bursadefnemetal.com\/wp-content\/uploads\/2025\/08\/mahya-1.jpg\",\"contentUrl\":\"https:\/\/bursadefnemetal.com\/wp-content\/uploads\/2025\/08\/mahya-1.jpg\",\"width\":700,\"height\":800},{\"@type\":\"BreadcrumbList\",\"@id\":\"https:\/\/bursadefnemetal.com\/index.php\/urun\/radius-mahya-3-hadve\/#breadcrumb\",\"itemListElement\":[{\"@type\":\"ListItem\",\"position\":1,\"name\":\"Anasayfa\",\"item\":\"https:\/\/bursadefnemetal.com\/\"},{\"@type\":\"ListItem\",\"position\":2,\"name\":\"Shop\",\"item\":\"https:\/\/bursadefnemetal.com\/index.php\/shop\/\"},{\"@type\":\"ListItem\",\"position\":3,\"name\":\"Radius Mahya &#8211; 3 Hadve\"}]},{\"@type\":\"WebSite\",\"@id\":\"https:\/\/bursadefnemetal.com\/#website\",\"url\":\"https:\/\/bursadefnemetal.com\/\",\"name\":\"Bursa Defne Metal\",\"description\":\"\",\"potentialAction\":[{\"@type\":\"SearchAction\",\"target\":{\"@type\":\"EntryPoint\",\"urlTemplate\":\"https:\/\/bursadefnemetal.com\/?s={search_term_string}\"},\"query-input\":{\"@type\":\"PropertyValueSpecification\",\"valueRequired\":true,\"valueName\":\"search_term_string\"}}],\"inLanguage\":\"tr\"}]}<\/script>\n<!-- \/ Yoast SEO plugin. -->","yoast_head_json":{"title":"Radius Mahya - 3 Hadve - Bursa Defne Metal","description":"\u00c7at\u0131, cephe aksesuarlar\u0131 t\u00fcm se\u00e7enekleriyle h\u0131zl\u0131 montaj, uzun \u00f6m\u00fcr.","robots":{"index":"index","follow":"follow","max-snippet":"max-snippet:-1","max-image-preview":"max-image-preview:large","max-video-preview":"max-video-preview:-1"},"canonical":"https:\/\/bursadefnemetal.com\/index.php\/urun\/radius-mahya-3-hadve\/","og_locale":"tr_TR","og_type":"article","og_title":"Radius Mahya - 3 Hadve - Bursa Defne Metal","og_description":"\u00c7at\u0131, cephe aksesuarlar\u0131 t\u00fcm se\u00e7enekleriyle h\u0131zl\u0131 montaj, uzun \u00f6m\u00fcr.","og_url":"https:\/\/bursadefnemetal.com\/index.php\/urun\/radius-mahya-3-hadve\/","og_site_name":"Bursa Defne Metal","article_modified_time":"2025-08-05T13:25:47+00:00","og_image":[{"width":700,"height":800,"url":"https:\/\/bursadefnemetal.com\/wp-content\/uploads\/2025\/08\/mahya-1.jpg","type":"image\/jpeg"}],"twitter_card":"summary_large_image","twitter_misc":{"Tahmini okuma s\u00fcresi":"1 dakika"},"schema":{"@context":"https:\/\/schema.org","@graph":[{"@type":"WebPage","@id":"https:\/\/bursadefnemetal.com\/index.php\/urun\/radius-mahya-3-hadve\/","url":"https:\/\/bursadefnemetal.com\/index.php\/urun\/radius-mahya-3-hadve\/","name":"Radius Mahya - 3 Hadve - Bursa Defne Metal","isPartOf":{"@id":"https:\/\/bursadefnemetal.com\/#website"},"primaryImageOfPage":{"@id":"https:\/\/bursadefnemetal.com\/index.php\/urun\/radius-mahya-3-hadve\/#primaryimage"},"image":{"@id":"https:\/\/bursadefnemetal.com\/index.php\/urun\/radius-mahya-3-hadve\/#primaryimage"},"thumbnailUrl":"https:\/\/bursadefnemetal.com\/wp-content\/uploads\/2025\/08\/mahya-1.jpg","datePublished":"2025-08-05T13:19:20+00:00","dateModified":"2025-08-05T13:25:47+00:00","description":"\u00c7at\u0131, cephe aksesuarlar\u0131 t\u00fcm se\u00e7enekleriyle h\u0131zl\u0131 montaj, uzun \u00f6m\u00fcr.","breadcrumb":{"@id":"https:\/\/bursadefnemetal.com\/index.php\/urun\/radius-mahya-3-hadve\/#breadcrumb"},"inLanguage":"tr","potentialAction":[{"@type":"ReadAction","target":["https:\/\/bursadefnemetal.com\/index.php\/urun\/radius-mahya-3-hadve\/"]}]},{"@type":"ImageObject","inLanguage":"tr","@id":"https:\/\/bursadefnemetal.com\/index.php\/urun\/radius-mahya-3-hadve\/#primaryimage","url":"https:\/\/bursadefnemetal.com\/wp-content\/uploads\/2025\/08\/mahya-1.jpg","contentUrl":"https:\/\/bursadefnemetal.com\/wp-content\/uploads\/2025\/08\/mahya-1.jpg","width":700,"height":800},{"@type":"BreadcrumbList","@id":"https:\/\/bursadefnemetal.com\/index.php\/urun\/radius-mahya-3-hadve\/#breadcrumb","itemListElement":[{"@type":"ListItem","position":1,"name":"Anasayfa","item":"https:\/\/bursadefnemetal.com\/"},{"@type":"ListItem","position":2,"name":"Shop","item":"https:\/\/bursadefnemetal.com\/index.php\/shop\/"},{"@type":"ListItem","position":3,"name":"Radius Mahya &#8211; 3 Hadve"}]},{"@type":"WebSite","@id":"https:\/\/bursadefnemetal.com\/#website","url":"https:\/\/bursadefnemetal.com\/","name":"Bursa Defne Metal","description":"","potentialAction":[{"@type":"SearchAction","target":{"@type":"EntryPoint","urlTemplate":"https:\/\/bursadefnemetal.com\/?s={search_term_string}"},"query-input":{"@type":"PropertyValueSpecification","valueRequired":true,"valueName":"search_term_string"}}],"inLanguage":"tr"}]}},"_links":{"self":[{"href":"https:\/\/bursadefnemetal.com\/index.php\/wp-json\/wp\/v2\/product\/29362","targetHints":{"allow":["GET"]}}],"collection":[{"href":"https:\/\/bursadefnemetal.com\/index.php\/wp-json\/wp\/v2\/product"}],"about":[{"href":"https:\/\/bursadefnemetal.com\/index.php\/wp-json\/wp\/v2\/types\/product"}],"replies":[{"embeddable":true,"href":"https:\/\/bursadefnemetal.com\/index.php\/wp-json\/wp\/v2\/comments?post=29362"}],"version-history":[{"count":4,"href":"https:\/\/bursadefnemetal.com\/index.php\/wp-json\/wp\/v2\/product\/29362\/revisions"}],"predecessor-version":[{"id":29367,"href":"https:\/\/bursadefnemetal.com\/index.php\/wp-json\/wp\/v2\/product\/29362\/revisions\/29367"}],"wp:featuredmedia":[{"embeddable":true,"href":"https:\/\/bursadefnemetal.com\/index.php\/wp-json\/wp\/v2\/media\/29363"}],"wp:attachment":[{"href":"https:\/\/bursadefnemetal.com\/index.php\/wp-json\/wp\/v2\/media?parent=29362"}],"wp:term":[{"taxonomy":"product_brand","embeddable":true,"href":"https:\/\/bursadefnemetal.com\/index.php\/wp-json\/wp\/v2\/product_brand?post=29362"},{"taxonomy":"product_cat","embeddable":true,"href":"https:\/\/bursadefnemetal.com\/index.php\/wp-json\/wp\/v2\/product_cat?post=29362"},{"taxonomy":"product_tag","embeddable":true,"href":"https:\/\/bursadefnemetal.com\/index.php\/wp-json\/wp\/v2\/product_tag?post=29362"}],"curies":[{"name":"wp","href":"https:\/\/api.w.org\/{rel}","templated":true}]}}